{"id":384,"date":"2025-02-23T17:47:09","date_gmt":"2025-02-23T17:47:09","guid":{"rendered":"https:\/\/laboat.iroger.it\/?page_id=384"},"modified":"2025-06-15T21:18:43","modified_gmt":"2025-06-15T21:18:43","slug":"chi-siamo","status":"publish","type":"page","link":"https:\/\/laboat.it\/de\/chi-siamo\/","title":{"rendered":"\u00dcber uns"},"content":{"rendered":"<div data-elementor-type=\"wp-page\" data-elementor-id=\"384\" class=\"elementor elementor-384\" data-elementor-post-type=\"page\">\n\t\t\t\t<div class=\"elementor-element elementor-element-5582045 e-flex e-con-boxed e-con e-parent\" data-id=\"5582045\" data-element_type=\"container\" data-e-type=\"container\" data-settings=\"{&quot;background_background&quot;:&quot;classic&quot;}\">\n\t\t\t\t\t<div class=\"e-con-inner\">\n\t\t\t\t<div class=\"elementor-element elementor-element-5bd49ce elementor-widget elementor-widget-heading\" data-id=\"5bd49ce\" data-element_type=\"widget\" data-e-type=\"widget\" data-widget_type=\"heading.default\">\n\t\t\t\t<div class=\"elementor-widget-container\">\n\t\t\t\t\t<h2 class=\"elementor-heading-title elementor-size-default\">\u00dcber uns<\/h2>\t\t\t\t<\/div>\n\t\t\t\t<\/div>\n\t\t\t\t\t<\/div>\n\t\t\t\t<\/div>\n\t\t<div class=\"elementor-element elementor-element-25a9a69 e-con-full e-flex e-con e-parent\" data-id=\"25a9a69\" data-element_type=\"container\" data-e-type=\"container\" id=\"services\" data-settings=\"{&quot;background_background&quot;:&quot;classic&quot;}\">\n\t\t<div class=\"elementor-element elementor-element-b8cbd92 e-con-full e-flex e-con e-child\" data-id=\"b8cbd92\" data-element_type=\"container\" data-e-type=\"container\">\n\t\t\t\t<div class=\"elementor-element elementor-element-7e64093 elementor-widget__width-initial elementor-widget elementor-widget-text-editor\" data-id=\"7e64093\" data-element_type=\"widget\" data-e-type=\"widget\" data-widget_type=\"text-editor.default\">\n\t\t\t\t<div class=\"elementor-widget-container\">\n\t\t\t\t\t\t\t\t\t<p>LaBo Exclusive Boat Tour ist eine Realit\u00e4t im nautischen Sektor, die 2023 mit dem Ziel gegr\u00fcndet wurde, hochwertige touristische Erlebnisse auf dem Meer anzubieten. LaBo Exclusive Boat Tour ist st\u00e4ndig auf der Suche nach neuen Partnerschaften in der Region und m\u00f6chte ein exklusives und individuelles Angebot f\u00fcr seine Kunden schaffen, das jede Reise mit einzigartigen und abwechslungsreichen Dienstleistungen bereichert.<\/p><p><br \/>Unser Ziel ist es, maximalen Komfort und ein ma\u00dfgeschneidertes Erlebnis f\u00fcr jeden Bedarf zu gew\u00e4hrleisten. Das Angebot umfasst eine breite Palette an exklusiven Dienstleistungen, von der Bootsvermietung mit oder ohne Skipper bis hin zu privaten Ausfl\u00fcgen, Bootstouren und Seetransfers. Es wird auf jedes Detail geachtet, damit die G\u00e4ste das Meer auf eine exklusive und unvergessliche Weise erleben k\u00f6nnen, mit der M\u00f6glichkeit, ma\u00dfgeschneiderte Routen, gef\u00fchrte Ausfl\u00fcge, Aperitifs auf See und vieles mehr zu w\u00e4hlen.<\/p><p><br \/>LaBo Exclusive Boat Tour ist die ideale Wahl f\u00fcr alle, die ein einzigartiges nautisches Erlebnis suchen, sei es f\u00fcr einen romantischen Ausflug, einen Familienausflug oder ein besonderes Ereignis. Jede Tour ist so konzipiert, dass sie einen ma\u00dfgeschneiderten Service bietet, der die Bed\u00fcrfnisse jedes Kunden erf\u00fcllt und h\u00f6chste Qualit\u00e4t und ein unvergessliches Erlebnis auf See garantiert.<\/p>\t\t\t\t\t\t\t\t<\/div>\n\t\t\t\t<\/div>\n\t\t\t\t<div class=\"elementor-element elementor-element-959e982 elementor-widget elementor-widget-image\" data-id=\"959e982\" data-element_type=\"widget\" data-e-type=\"widget\" data-widget_type=\"image.default\">\n\t\t\t\t<div class=\"elementor-widget-container\">\n\t\t\t\t\t\t\t\t\t\t\t\t\t\t\t<img fetchpriority=\"high\" decoding=\"async\" width=\"800\" height=\"534\" src=\"https:\/\/laboat.it\/wp-content\/uploads\/2025\/05\/DSC02827-min-1024x683.jpg\" class=\"attachment-large size-large wp-image-897\" alt=\"\" srcset=\"https:\/\/laboat.it\/wp-content\/uploads\/2025\/05\/DSC02827-min-1024x683.jpg 1024w, https:\/\/laboat.it\/wp-content\/uploads\/2025\/05\/DSC02827-min-300x200.jpg 300w, https:\/\/laboat.it\/wp-content\/uploads\/2025\/05\/DSC02827-min-768x512.jpg 768w, https:\/\/laboat.it\/wp-content\/uploads\/2025\/05\/DSC02827-min-1536x1024.jpg 1536w, https:\/\/laboat.it\/wp-content\/uploads\/2025\/05\/DSC02827-min-2048x1365.jpg 2048w, https:\/\/laboat.it\/wp-content\/uploads\/2025\/05\/DSC02827-min-18x12.jpg 18w\" sizes=\"(max-width: 800px) 100vw, 800px\" \/>\t\t\t\t\t\t\t\t\t\t\t\t\t\t\t<\/div>\n\t\t\t\t<\/div>\n\t\t\t\t<\/div>\n\t\t\t\t<\/div>\n\t\t\t\t<\/div>","protected":false},"excerpt":{"rendered":"<p>Chi Siamo LaBo Exclusive Boat Tour \u00e8 una realt\u00e0 del settore nautico, fondata nel 2023 con l&#8217;obiettivo di offrire esperienze turistiche di alta qualit\u00e0 in mare. Costantemente alla ricerca di nuove collaborazioni sul territorio, LaBo Exclusive Boat Tour mira a creare un\u2019offerta esclusiva e personalizzata per i propri clienti, arricchendo ogni viaggio con servizi unici [&hellip;]<\/p>\n","protected":false},"author":1,"featured_media":0,"parent":0,"menu_order":0,"comment_status":"closed","ping_status":"closed","template":"elementor_header_footer","meta":{"_joinchat":[],"footnotes":""},"class_list":["post-384","page","type-page","status-publish","hentry"],"_links":{"self":[{"href":"https:\/\/laboat.it\/de\/wp-json\/wp\/v2\/pages\/384","targetHints":{"allow":["GET"]}}],"collection":[{"href":"https:\/\/laboat.it\/de\/wp-json\/wp\/v2\/pages"}],"about":[{"href":"https:\/\/laboat.it\/de\/wp-json\/wp\/v2\/types\/page"}],"author":[{"embeddable":true,"href":"https:\/\/laboat.it\/de\/wp-json\/wp\/v2\/users\/1"}],"replies":[{"embeddable":true,"href":"https:\/\/laboat.it\/de\/wp-json\/wp\/v2\/comments?post=384"}],"version-history":[{"count":15,"href":"https:\/\/laboat.it\/de\/wp-json\/wp\/v2\/pages\/384\/revisions"}],"predecessor-version":[{"id":1028,"href":"https:\/\/laboat.it\/de\/wp-json\/wp\/v2\/pages\/384\/revisions\/1028"}],"wp:attachment":[{"href":"https:\/\/laboat.it\/de\/wp-json\/wp\/v2\/media?parent=384"}],"curies":[{"name":"wp","href":"https:\/\/api.w.org\/{rel}","templated":true}]}}