{"id":402,"date":"2025-02-23T17:55:45","date_gmt":"2025-02-23T17:55:45","guid":{"rendered":"https:\/\/laboat.iroger.it\/?page_id=402"},"modified":"2025-06-15T21:19:12","modified_gmt":"2025-06-15T21:19:12","slug":"ecosostenibilita","status":"publish","type":"page","link":"https:\/\/laboat.it\/de\/ecosostenibilita\/","title":{"rendered":"\u00d6ko-Nachhaltigkeit"},"content":{"rendered":"<div data-elementor-type=\"wp-page\" data-elementor-id=\"402\" class=\"elementor elementor-402\" data-elementor-post-type=\"page\">\n\t\t\t\t<div class=\"elementor-element elementor-element-5582045 e-flex e-con-boxed e-con e-parent\" data-id=\"5582045\" data-element_type=\"container\" data-e-type=\"container\" data-settings=\"{&quot;background_background&quot;:&quot;classic&quot;}\">\n\t\t\t\t\t<div class=\"e-con-inner\">\n\t\t\t\t<div class=\"elementor-element elementor-element-5bd49ce elementor-widget elementor-widget-heading\" data-id=\"5bd49ce\" data-element_type=\"widget\" data-e-type=\"widget\" data-widget_type=\"heading.default\">\n\t\t\t\t<div class=\"elementor-widget-container\">\n\t\t\t\t\t<h2 class=\"elementor-heading-title elementor-size-default\">\u00d6ko-Nachhaltigkeit<\/h2>\t\t\t\t<\/div>\n\t\t\t\t<\/div>\n\t\t\t\t\t<\/div>\n\t\t\t\t<\/div>\n\t\t<div class=\"elementor-element elementor-element-25a9a69 e-con-full e-flex e-con e-parent\" data-id=\"25a9a69\" data-element_type=\"container\" data-e-type=\"container\" id=\"services\" data-settings=\"{&quot;background_background&quot;:&quot;classic&quot;}\">\n\t\t<div class=\"elementor-element elementor-element-b8cbd92 e-con-full e-flex e-con e-child\" data-id=\"b8cbd92\" data-element_type=\"container\" data-e-type=\"container\">\n\t\t\t\t<div class=\"elementor-element elementor-element-4258b8e elementor-widget__width-inherit elementor-widget elementor-widget-heading\" data-id=\"4258b8e\" data-element_type=\"widget\" data-e-type=\"widget\" data-widget_type=\"heading.default\">\n\t\t\t\t<div class=\"elementor-widget-container\">\n\t\t\t\t\t<h2 class=\"elementor-heading-title elementor-size-default\">Ein Meer zum Lieben und Bewahren<\/h2>\t\t\t\t<\/div>\n\t\t\t\t<\/div>\n\t\t\t\t<div class=\"elementor-element elementor-element-7e64093 elementor-widget__width-initial elementor-widget elementor-widget-text-editor\" data-id=\"7e64093\" data-element_type=\"widget\" data-e-type=\"widget\" data-widget_type=\"text-editor.default\">\n\t\t\t\t<div class=\"elementor-widget-container\">\n\t\t\t\t\t\t\t\t\t<p>Die gr\u00f6\u00dfte und bedeutendste Verpflichtung, die LaBoat eingegangen ist, ist neben der sorgf\u00e4ltigen Sorge um das Wohlbefinden und die Zufriedenheit unserer G\u00e4ste der Schutz und die Erhaltung des nat\u00fcrlichen Erbes, das uns umgibt. Umweltschutz ist ein zentraler Wert f\u00fcr uns und spiegelt sich in jedem Aspekt unseres Gesch\u00e4fts wider. Wir setzen uns f\u00fcr den Schutz des kristallklaren Wassers, der unber\u00fchrten Str\u00e4nde und der atemberaubenden Landschaften der Costa degli Dei ein und f\u00f6rdern einen verantwortungsvollen Tourismus, der die nat\u00fcrliche Sch\u00f6nheit dieser Region respektiert und aufwertet. Jeder unserer Ausfl\u00fcge ist so konzipiert, dass er die Umwelt so wenig wie m\u00f6glich belastet. Wir verwenden umweltfreundliche Boote und wenden nachhaltige Praktiken an, die die Emissionen begrenzen und das Meeresleben sch\u00fctzen.<\/p><p><br>Unser Ziel ist es, unvergessliche Erlebnisse zu bieten, ohne dabei das nat\u00fcrliche Gleichgewicht zu gef\u00e4hrden. Aus diesem Grund arbeiten wir unerm\u00fcdlich daran, dass jede Bootsfahrt nicht nur ein Moment des reinen Vergn\u00fcgens und der Entdeckung ist, sondern auch eine Geste des Respekts f\u00fcr die Umwelt unseres Gastgebers. Unsere Boote werden sorgf\u00e4ltig ausgew\u00e4hlt, wobei wir uns f\u00fcr Modelle entscheiden, die das Wasser m\u00f6glichst wenig belasten. Au\u00dferdem sind wir bestrebt, unsere G\u00e4ste \u00fcber die Bedeutung des Schutzes der Meeresumwelt und eines verantwortungsvollen Verhaltens w\u00e4hrend der Ausfl\u00fcge aufzukl\u00e4ren.<\/p><p><br>Wir sind der festen \u00dcberzeugung, dass die Sch\u00f6nheit der Costa degli Dei mit ihren unber\u00fchrten Landschaften und dem kristallklaren Meer auch f\u00fcr k\u00fcnftige Generationen erhalten und gesch\u00fctzt werden muss. Jede unserer Gesten zielt darauf ab, dass dieses Fleckchen Paradies weiterhin in Harmonie mit der Natur, die es einzigartig macht, erlebt und geliebt werden kann. Wir m\u00f6chten, dass jeder, der sich entscheidet, an Bord zu kommen, die Reinheit des Meeres genie\u00dfen kann, ohne es zu besch\u00e4digen, um eine Erfahrung zu bieten, die nicht nur im Herzen bleibt, sondern auch unsere wunderbare nat\u00fcrliche Umgebung respektiert und zu ihrer Erhaltung beitr\u00e4gt.<br>Mit uns zu segeln bedeutet auch, sich f\u00fcr das Meer zu entscheiden.<\/p>\t\t\t\t\t\t\t\t<\/div>\n\t\t\t\t<\/div>\n\t\t\t\t<div class=\"elementor-element elementor-element-2e4af10 elementor-widget elementor-widget-image\" data-id=\"2e4af10\" data-element_type=\"widget\" data-e-type=\"widget\" data-widget_type=\"image.default\">\n\t\t\t\t<div class=\"elementor-widget-container\">\n\t\t\t\t\t\t\t\t\t\t\t\t\t\t\t<img fetchpriority=\"high\" decoding=\"async\" width=\"800\" height=\"534\" src=\"https:\/\/laboat.it\/wp-content\/uploads\/2025\/05\/DSC02738-min-1024x683.jpg\" class=\"attachment-large size-large wp-image-919\" alt=\"\" srcset=\"https:\/\/laboat.it\/wp-content\/uploads\/2025\/05\/DSC02738-min-1024x683.jpg 1024w, https:\/\/laboat.it\/wp-content\/uploads\/2025\/05\/DSC02738-min-300x200.jpg 300w, https:\/\/laboat.it\/wp-content\/uploads\/2025\/05\/DSC02738-min-768x512.jpg 768w, https:\/\/laboat.it\/wp-content\/uploads\/2025\/05\/DSC02738-min-1536x1024.jpg 1536w, https:\/\/laboat.it\/wp-content\/uploads\/2025\/05\/DSC02738-min-2048x1365.jpg 2048w, https:\/\/laboat.it\/wp-content\/uploads\/2025\/05\/DSC02738-min-18x12.jpg 18w\" sizes=\"(max-width: 800px) 100vw, 800px\" \/>\t\t\t\t\t\t\t\t\t\t\t\t\t\t\t<\/div>\n\t\t\t\t<\/div>\n\t\t\t\t<\/div>\n\t\t\t\t<\/div>\n\t\t\t\t<\/div>","protected":false},"excerpt":{"rendered":"<p>Ecosostenibilit\u00e0 Un mare da amare e preservare L\u2019impegno pi\u00f9 profondo e significativo che LaBoat ha preso, oltre a garantire un&#8217;attenzione meticolosa al benessere e alla soddisfazione dei nostri ospiti, \u00e8 quello di proteggere e preservare il patrimonio naturale che ci circonda. La tutela dell\u2019ambiente \u00e8 un valore imprescindibile per noi e si riflette in ogni [&hellip;]<\/p>\n","protected":false},"author":1,"featured_media":0,"parent":0,"menu_order":0,"comment_status":"closed","ping_status":"closed","template":"elementor_header_footer","meta":{"_joinchat":[],"footnotes":""},"class_list":["post-402","page","type-page","status-publish","hentry"],"_links":{"self":[{"href":"https:\/\/laboat.it\/de\/wp-json\/wp\/v2\/pages\/402","targetHints":{"allow":["GET"]}}],"collection":[{"href":"https:\/\/laboat.it\/de\/wp-json\/wp\/v2\/pages"}],"about":[{"href":"https:\/\/laboat.it\/de\/wp-json\/wp\/v2\/types\/page"}],"author":[{"embeddable":true,"href":"https:\/\/laboat.it\/de\/wp-json\/wp\/v2\/users\/1"}],"replies":[{"embeddable":true,"href":"https:\/\/laboat.it\/de\/wp-json\/wp\/v2\/comments?post=402"}],"version-history":[{"count":10,"href":"https:\/\/laboat.it\/de\/wp-json\/wp\/v2\/pages\/402\/revisions"}],"predecessor-version":[{"id":1031,"href":"https:\/\/laboat.it\/de\/wp-json\/wp\/v2\/pages\/402\/revisions\/1031"}],"wp:attachment":[{"href":"https:\/\/laboat.it\/de\/wp-json\/wp\/v2\/media?parent=402"}],"curies":[{"name":"wp","href":"https:\/\/api.w.org\/{rel}","templated":true}]}}