{"id":540,"date":"2025-03-07T01:17:09","date_gmt":"2025-03-07T01:17:09","guid":{"rendered":"https:\/\/laboat.it\/?page_id=540"},"modified":"2025-07-28T00:53:48","modified_gmt":"2025-07-28T00:53:48","slug":"il-mare","status":"publish","type":"page","link":"https:\/\/laboat.it\/de\/il-mare\/","title":{"rendered":"Das Meer"},"content":{"rendered":"<div data-elementor-type=\"wp-page\" data-elementor-id=\"540\" class=\"elementor elementor-540\" data-elementor-post-type=\"page\">\n\t\t\t\t<div class=\"elementor-element elementor-element-4370df1 e-flex e-con-boxed e-con e-parent\" data-id=\"4370df1\" data-element_type=\"container\" data-e-type=\"container\" data-settings=\"{&quot;background_background&quot;:&quot;classic&quot;}\">\n\t\t\t\t\t<div class=\"e-con-inner\">\n\t\t\t\t<div class=\"elementor-element elementor-element-b75d51d elementor-widget elementor-widget-heading\" data-id=\"b75d51d\" data-element_type=\"widget\" data-e-type=\"widget\" data-widget_type=\"heading.default\">\n\t\t\t\t<div class=\"elementor-widget-container\">\n\t\t\t\t\t<h2 class=\"elementor-heading-title elementor-size-default\">Das Meer<\/h2>\t\t\t\t<\/div>\n\t\t\t\t<\/div>\n\t\t\t\t\t<\/div>\n\t\t\t\t<\/div>\n\t\t<div class=\"elementor-element elementor-element-adecc0c e-flex e-con-boxed e-con e-parent\" data-id=\"adecc0c\" data-element_type=\"container\" data-e-type=\"container\" id=\"itinerari\" data-settings=\"{&quot;background_background&quot;:&quot;classic&quot;}\">\n\t\t\t\t\t<div class=\"e-con-inner\">\n\t\t\t\t<div class=\"elementor-element elementor-element-a0cb982 elementor-widget__width-inherit elementor-widget elementor-widget-heading\" data-id=\"a0cb982\" data-element_type=\"widget\" data-e-type=\"widget\" data-widget_type=\"heading.default\">\n\t\t\t\t<div class=\"elementor-widget-container\">\n\t\t\t\t\t<h2 class=\"elementor-heading-title elementor-size-default\">Tropea<\/h2>\t\t\t\t<\/div>\n\t\t\t\t<\/div>\n\t\t\t\t<div class=\"elementor-element elementor-element-d4f7e7e elementor-widget__width-initial elementor-widget elementor-widget-text-editor\" data-id=\"d4f7e7e\" data-element_type=\"widget\" data-e-type=\"widget\" data-widget_type=\"text-editor.default\">\n\t\t\t\t<div class=\"elementor-widget-container\">\n\t\t\t\t\t\t\t\t\t<p>Tropea, im Herzen Kalabriens gelegen, ist eine der faszinierendsten Perlen der Costa degli Dei. Diese wundersch\u00f6ne Stadt an der tyrrhenischen K\u00fcste ist ber\u00fchmt f\u00fcr ihr kristallklares Wasser, ihre atemberaubenden Klippen und ihr historisches Zentrum, das reich an Geschichte und Traditionen ist.<\/p><p>Die Costa degli Dei (K\u00fcste der G\u00f6tter), so genannt wegen ihrer au\u00dfergew\u00f6hnlichen Sch\u00f6nheit und ihres zeitlosen Charmes, ist ein K\u00fcstenabschnitt, der sich von Capo Vaticano bis Briatico erstreckt und spektakul\u00e4re Ausblicke bietet, die einem Traum entsprungen zu sein scheinen.<\/p><p>Der Name dieses paradiesischen Fleckchens Erde geht auf griechische und r\u00f6mische Legenden zur\u00fcck, die diese Gegend mit den G\u00f6ttern des Olymp in Verbindung brachten. Das Meer ist hier so reizvoll und unber\u00fchrt, dass es scheint, als sei es von den G\u00f6ttern gesegnet worden.<\/p><p><br \/>Die Str\u00e4nde von Tropea geh\u00f6ren zu den bekanntesten in Italien und dar\u00fcber hinaus. Der Hauptstrand mit seinem goldenen Sand und kristallklarem Wasser wird von imposanten Klippen eingerahmt, die das Meer und die spektakul\u00e4re Aussicht auf die Wallfahrtskirche Santa Maria dell'Isola, die auf einem Felsvorsprung steht, \u00fcberragen.<\/p><p>Diese Landschaft, ein wahres Naturschauspiel, bietet Momente der Entspannung und Ruhe, aber auch die M\u00f6glichkeit, Wassersportarten wie Kajakfahren, Windsurfen und Schnorcheln zu betreiben.<br \/>Das Meer von Tropea bezaubert mit kristallklarem Wasser und flachen Gew\u00e4ssern, die sanft zur K\u00fcste hin abfallen.<\/p><p>Dadurch eignet sich das Meer besonders gut zum Schwimmen und f\u00fcr Wassersportarten und bietet gleichzeitig einen Blick auf die karibischen Farben, die von den intensivsten T\u00fcrkist\u00f6nen bis hin zu den zartesten Blaut\u00f6nen reichen. Der feine, wei\u00dfe Sand an den Str\u00e4nden bildet einen perfekten Kontrast zum kristallklaren Meer, das wie ein St\u00fcck Paradies aussieht, das erkundet und erlebt werden will.<\/p>\t\t\t\t\t\t\t\t<\/div>\n\t\t\t\t<\/div>\n\t\t\t\t\t<\/div>\n\t\t\t\t<\/div>\n\t\t<div class=\"elementor-element elementor-element-4a02042 e-flex e-con-boxed e-con e-parent\" data-id=\"4a02042\" data-element_type=\"container\" data-e-type=\"container\" id=\"tour\" data-settings=\"{&quot;background_background&quot;:&quot;classic&quot;}\">\n\t\t\t\t\t<div class=\"e-con-inner\">\n\t\t\t\t<div class=\"elementor-element elementor-element-dafb9e9 elementor-widget__width-inherit elementor-widget elementor-widget-heading\" data-id=\"dafb9e9\" data-element_type=\"widget\" data-e-type=\"widget\" data-widget_type=\"heading.default\">\n\t\t\t\t<div class=\"elementor-widget-container\">\n\t\t\t\t\t<h2 class=\"elementor-heading-title elementor-size-default\">Str\u00e4nde<\/h2>\t\t\t\t<\/div>\n\t\t\t\t<\/div>\n\t\t<div class=\"elementor-element elementor-element-92c1ec7 e-con-full e-flex e-con e-child\" data-id=\"92c1ec7\" data-element_type=\"container\" data-e-type=\"container\" data-settings=\"{&quot;background_background&quot;:&quot;classic&quot;}\">\n\t\t\t\t<div class=\"elementor-element elementor-element-d4716f1 elementor-widget__width-inherit elementor-widget elementor-widget-heading\" data-id=\"d4716f1\" data-element_type=\"widget\" data-e-type=\"widget\" data-widget_type=\"heading.default\">\n\t\t\t\t<div class=\"elementor-widget-container\">\n\t\t\t\t\t<h2 class=\"elementor-heading-title elementor-size-default\">Rotunda Strand<\/h2>\t\t\t\t<\/div>\n\t\t\t\t<\/div>\n\t\t<div class=\"elementor-element elementor-element-3553bb1 e-con-full e-flex e-con e-child\" data-id=\"3553bb1\" data-element_type=\"container\" data-e-type=\"container\">\n\t\t\t\t<div class=\"elementor-element elementor-element-4566f9f elementor-widget elementor-widget-text-editor\" data-id=\"4566f9f\" data-element_type=\"widget\" data-e-type=\"widget\" data-widget_type=\"text-editor.default\">\n\t\t\t\t<div class=\"elementor-widget-container\">\n\t\t\t\t\t\t\t\t\t<p>Der Spiaggia della Rotonda ist einer der ber\u00fchmtesten Str\u00e4nde von Tropea. Er befindet sich direkt unterhalb der Landzunge, auf der sich das historische Zentrum der Stadt befindet, und ist aufgrund seiner Panoramalage und der Klarheit seines Wassers leicht zu erkennen. Der vom Felsen Scoglio di San Leonardo begrenzte Spiaggia della Rotonda ist ber\u00fchmt f\u00fcr seinen feinen, goldfarbenen Sand, der mit dem t\u00fcrkisfarbenen Meer verschmilzt. Seine strategische Lage, mit dem historischen Zentrum von Tropea, das sich \u00fcber ihm erhebt, macht diesen Strand ideal f\u00fcr diejenigen, die eine einzigartige Landschaft genie\u00dfen und sich nur einen Steinwurf vom Herzen der Stadt entfernt entspannen m\u00f6chten.<\/p>\t\t\t\t\t\t\t\t<\/div>\n\t\t\t\t<\/div>\n\t\t\t\t<\/div>\n\t\t\t\t<\/div>\n\t\t<div class=\"elementor-element elementor-element-40fb0e3 e-con-full e-flex e-con e-child\" data-id=\"40fb0e3\" data-element_type=\"container\" data-e-type=\"container\" data-settings=\"{&quot;background_background&quot;:&quot;classic&quot;}\">\n\t\t\t\t<div class=\"elementor-element elementor-element-7303001 elementor-widget__width-inherit elementor-widget elementor-widget-heading\" data-id=\"7303001\" data-element_type=\"widget\" data-e-type=\"widget\" data-widget_type=\"heading.default\">\n\t\t\t\t<div class=\"elementor-widget-container\">\n\t\t\t\t\t<h2 class=\"elementor-heading-title elementor-size-default\">Klosterstrand<\/h2>\t\t\t\t<\/div>\n\t\t\t\t<\/div>\n\t\t<div class=\"elementor-element elementor-element-941c8d4 e-con-full e-flex e-con e-child\" data-id=\"941c8d4\" data-element_type=\"container\" data-e-type=\"container\">\n\t\t\t\t<div class=\"elementor-element elementor-element-7338a72 elementor-widget elementor-widget-text-editor\" data-id=\"7338a72\" data-element_type=\"widget\" data-e-type=\"widget\" data-widget_type=\"text-editor.default\">\n\t\t\t\t<div class=\"elementor-widget-container\">\n\t\t\t\t\t\t\t\t\t<p>Spiaggia del Convento (Strand des Klosters) verdankt seinen Namen dem nahe gelegenen Kloster, das sich an diesem K\u00fcstenabschnitt befindet. Dieses paradiesische Fleckchen Erde ist ein idealer Ort f\u00fcr Schnorchler, denn das Wasser ist transparent und die Meeresfauna ist reichhaltig und bev\u00f6lkert den Meeresboden. Der feine, goldene Sand und die Ruhe des Ortes machen diesen Strand zu einem idealen R\u00fcckzugsort f\u00fcr alle, die abseits der \u00fcberf\u00fcllten Str\u00e4nde Ruhe suchen. Der Panoramablick, den man vom Kloster aus genie\u00dfen kann, das \u00fcber dem Strand thront, verleiht dieser versteckten Ecke von Tropea zus\u00e4tzlichen Reiz.<\/p>\t\t\t\t\t\t\t\t<\/div>\n\t\t\t\t<\/div>\n\t\t\t\t<\/div>\n\t\t\t\t<\/div>\n\t\t<div class=\"elementor-element elementor-element-802bc97 e-con-full e-flex e-con e-child\" data-id=\"802bc97\" data-element_type=\"container\" data-e-type=\"container\" data-settings=\"{&quot;background_background&quot;:&quot;classic&quot;}\">\n\t\t\t\t<div class=\"elementor-element elementor-element-a238c16 elementor-widget__width-inherit elementor-widget elementor-widget-heading\" data-id=\"a238c16\" data-element_type=\"widget\" data-e-type=\"widget\" data-widget_type=\"heading.default\">\n\t\t\t\t<div class=\"elementor-widget-container\">\n\t\t\t\t\t<h2 class=\"elementor-heading-title elementor-size-default\">Spiaggia 'a Linguata<\/h2>\t\t\t\t<\/div>\n\t\t\t\t<\/div>\n\t\t<div class=\"elementor-element elementor-element-db8ef95 e-con-full e-flex e-con e-child\" data-id=\"db8ef95\" data-element_type=\"container\" data-e-type=\"container\">\n\t\t\t\t<div class=\"elementor-element elementor-element-3dffd36 elementor-widget elementor-widget-text-editor\" data-id=\"3dffd36\" data-element_type=\"widget\" data-e-type=\"widget\" data-widget_type=\"text-editor.default\">\n\t\t\t\t<div class=\"elementor-widget-container\">\n\t\t\t\t\t\t\t\t\t<p>Spiaggia 'a Linguata ist einer der gr\u00f6\u00dften und sch\u00f6nsten Str\u00e4nde von Tropea. Er befindet sich s\u00fcdlich des Stadtzentrums und ist aufgrund seiner L\u00e4nge und seines feinen, hellen Sandes leicht zu erkennen. Auf der einen Seite grenzt der Strand an die Isola di Tropea, die sich wie ein kleines Juwel aus Felsen und Vegetation erhebt, w\u00e4hrend auf der anderen Seite das Gebiet der Scogli I Missaggi liegt, ein ideales Gebiet f\u00fcr Taucher und Schnorchler. Der Meeresboden ist hier reich an Leben und bietet ein einzigartiges Erlebnis f\u00fcr Meeres- und Naturliebhaber.<\/p>\t\t\t\t\t\t\t\t<\/div>\n\t\t\t\t<\/div>\n\t\t\t\t<\/div>\n\t\t\t\t<\/div>\n\t\t\t\t<div class=\"elementor-element elementor-element-d3f2d23 elementor-widget__width-initial elementor-widget elementor-widget-text-editor\" data-id=\"d3f2d23\" data-element_type=\"widget\" data-e-type=\"widget\" data-widget_type=\"text-editor.default\">\n\t\t\t\t<div class=\"elementor-widget-container\">\n\t\t\t\t\t\t\t\t\t<p>Neben den Hauptstr\u00e4nden bietet Tropea zahlreiche versteckte Winkel, in denen das Meer ebenso faszinierend und unber\u00fchrt ist. Die kleineren Buchten, die oft \u00fcber das Meer oder \u00fcber landschaftlich reizvolle Wege erreichbar sind, sind ideal f\u00fcr alle, die Ruhe und Abgeschiedenheit suchen. Die felsige K\u00fcste von Tropea mit ihren steilen Klippen bietet spektakul\u00e4re Landschaften und Momente purer Gelassenheit.<\/p>\t\t\t\t\t\t\t\t<\/div>\n\t\t\t\t<\/div>\n\t\t\t\t<div class=\"elementor-element elementor-element-58d36d9 elementor-widget__width-initial elementor-widget elementor-widget-text-editor\" data-id=\"58d36d9\" data-element_type=\"widget\" data-e-type=\"widget\" data-widget_type=\"text-editor.default\">\n\t\t\t\t<div class=\"elementor-widget-container\">\n\t\t\t\t\t\t\t\t\t<p><span style=\"font-weight: 400;\">Nur wenige Kilometer von Tropea entfernt gibt es weitere faszinierende Str\u00e4nde. N\u00f6rdlich von Tropea, zwischen Tropea und Capo Vaticano, liegen bezaubernde Str\u00e4nde wie der von <\/span><b>Riaci Strand<\/b><span style=\"font-weight: 400;\">die f\u00fcr ihr kristallklares Wasser und ihre Meeresh\u00f6hlen ber\u00fchmt ist, und die von <\/span><b>H\u00f6hlen<\/b><span style=\"font-weight: 400;\">mit seinem feinen Sand und dem Meer in tausend Blaut\u00f6nen. Diese Str\u00e4nde sind ideal f\u00fcr diejenigen, die ein ruhiges Fleckchen Paradies suchen, weit weg von den Menschenmassen, aber auch f\u00fcr diejenigen, die einzigartige Meeresb\u00f6den erkunden m\u00f6chten, die reich an Leben sind.<\/span><\/p><p><span style=\"font-weight: 400;\">Weiter in Richtung S\u00fcden, nach Briatico, trifft man auf Str\u00e4nde wie <\/span><b>Michelino Strand<\/b><span style=\"font-weight: 400;\">mit seinem spektakul\u00e4ren Blick auf die Insel Stromboli und die <\/span><b>Diver's Paradise Strand<\/b><span style=\"font-weight: 400;\">mit seinem ruhigen, kristallklaren Wasser, das zum Schwimmen und Entspannen in der Sonne einl\u00e4dt. Entlang dieses K\u00fcstenabschnitts gibt es auch zahlreiche versteckte Ecken, wo das Meer noch unber\u00fchrt ist und die steilen Klippen Postkartenansichten bieten.<\/span><\/p><p><span style=\"font-weight: 400;\">Das Meer von Tropea sowie das von Capo Vaticano und Briatico ist eine unendliche Palette von Blau- und T\u00fcrkist\u00f6nen, die sich auf dem kristallklaren Meeresgrund widerspiegeln und ein einzigartiges Erlebnis f\u00fcr jeden darstellen, der in diese himmlischen Gew\u00e4sser eintauchen m\u00f6chte. Jeder Strand ist ein Ort, an dem sich die Sch\u00f6nheit der Natur mit der Gelassenheit der Menschen verbindet, und bietet die perfekte Gelegenheit, die Costa degli Dei auf eine exklusive und unvergessliche Weise zu entdecken.<\/span><\/p>\t\t\t\t\t\t\t\t<\/div>\n\t\t\t\t<\/div>\n\t\t\t\t\t<\/div>\n\t\t\t\t<\/div>\n\t\t\t\t<\/div>","protected":false},"excerpt":{"rendered":"<p>Il Mare Tropea Tropea, incastonata nel cuore della Calabria, \u00e8 una delle perle pi\u00f9 affascinanti della Costa degli Dei. Situata sulla costa tirrenica, questa splendida cittadina \u00e8 famosa per le sue acque cristalline, le scogliere mozzafiato e il suo centro storico ricco di storia e tradizioni. La Costa degli Dei, cos\u00ec chiamata per la sua [&hellip;]<\/p>\n","protected":false},"author":1,"featured_media":0,"parent":0,"menu_order":0,"comment_status":"closed","ping_status":"closed","template":"elementor_header_footer","meta":{"_joinchat":[],"footnotes":""},"class_list":["post-540","page","type-page","status-publish","hentry"],"_links":{"self":[{"href":"https:\/\/laboat.it\/de\/wp-json\/wp\/v2\/pages\/540","targetHints":{"allow":["GET"]}}],"collection":[{"href":"https:\/\/laboat.it\/de\/wp-json\/wp\/v2\/pages"}],"about":[{"href":"https:\/\/laboat.it\/de\/wp-json\/wp\/v2\/types\/page"}],"author":[{"embeddable":true,"href":"https:\/\/laboat.it\/de\/wp-json\/wp\/v2\/users\/1"}],"replies":[{"embeddable":true,"href":"https:\/\/laboat.it\/de\/wp-json\/wp\/v2\/comments?post=540"}],"version-history":[{"count":34,"href":"https:\/\/laboat.it\/de\/wp-json\/wp\/v2\/pages\/540\/revisions"}],"predecessor-version":[{"id":1073,"href":"https:\/\/laboat.it\/de\/wp-json\/wp\/v2\/pages\/540\/revisions\/1073"}],"wp:attachment":[{"href":"https:\/\/laboat.it\/de\/wp-json\/wp\/v2\/media?parent=540"}],"curies":[{"name":"wp","href":"https:\/\/api.w.org\/{rel}","templated":true}]}}