{"id":384,"date":"2025-02-23T17:47:09","date_gmt":"2025-02-23T17:47:09","guid":{"rendered":"https:\/\/laboat.iroger.it\/?page_id=384"},"modified":"2025-06-15T21:18:43","modified_gmt":"2025-06-15T21:18:43","slug":"chi-siamo","status":"publish","type":"page","link":"https:\/\/laboat.it\/en\/chi-siamo\/","title":{"rendered":"About Us"},"content":{"rendered":"<div data-elementor-type=\"wp-page\" data-elementor-id=\"384\" class=\"elementor elementor-384\" data-elementor-post-type=\"page\">\n\t\t\t\t<div class=\"elementor-element elementor-element-5582045 e-flex e-con-boxed e-con e-parent\" data-id=\"5582045\" data-element_type=\"container\" data-e-type=\"container\" data-settings=\"{&quot;background_background&quot;:&quot;classic&quot;}\">\n\t\t\t\t\t<div class=\"e-con-inner\">\n\t\t\t\t<div class=\"elementor-element elementor-element-5bd49ce elementor-widget elementor-widget-heading\" data-id=\"5bd49ce\" data-element_type=\"widget\" data-e-type=\"widget\" data-widget_type=\"heading.default\">\n\t\t\t\t<div class=\"elementor-widget-container\">\n\t\t\t\t\t<h2 class=\"elementor-heading-title elementor-size-default\">About Us<\/h2>\t\t\t\t<\/div>\n\t\t\t\t<\/div>\n\t\t\t\t\t<\/div>\n\t\t\t\t<\/div>\n\t\t<div class=\"elementor-element elementor-element-25a9a69 e-con-full e-flex e-con e-parent\" data-id=\"25a9a69\" data-element_type=\"container\" data-e-type=\"container\" id=\"services\" data-settings=\"{&quot;background_background&quot;:&quot;classic&quot;}\">\n\t\t<div class=\"elementor-element elementor-element-b8cbd92 e-con-full e-flex e-con e-child\" data-id=\"b8cbd92\" data-element_type=\"container\" data-e-type=\"container\">\n\t\t\t\t<div class=\"elementor-element elementor-element-7e64093 elementor-widget__width-initial elementor-widget elementor-widget-text-editor\" data-id=\"7e64093\" data-element_type=\"widget\" data-e-type=\"widget\" data-widget_type=\"text-editor.default\">\n\t\t\t\t<div class=\"elementor-widget-container\">\n\t\t\t\t\t\t\t\t\t<p>LaBo Exclusive Boat Tour is a reality in the nautical sector, founded in 2023 with the aim of offering high-quality tourism experiences at sea. Constantly looking for new partnerships in the area, LaBo Exclusive Boat Tour aims to create an exclusive and customised offer for its clients, enriching each trip with unique and diversified services.<\/p><p><br \/>The commitment is to ensure maximum comfort and a tailor-made experience for every need. The offer covers a wide range of exclusive services, from boat hire with or without skipper, to private excursions, boat tours and sea transfers. Every detail is taken care of to ensure that guests can experience the sea in an exclusive and unforgettable way, with the possibility of choosing customised itineraries, guided excursions, aperitifs at sea and much more.<\/p><p><br \/>LaBo Exclusive Boat Tour is the ideal choice for those looking for a unique nautical experience, whether it is a romantic getaway, a family day out or a special event. Each tour is designed to offer a tailor-made service that meets the needs of each client, ensuring the highest quality and memorable experience at sea.<\/p>\t\t\t\t\t\t\t\t<\/div>\n\t\t\t\t<\/div>\n\t\t\t\t<div class=\"elementor-element elementor-element-959e982 elementor-widget elementor-widget-image\" data-id=\"959e982\" data-element_type=\"widget\" data-e-type=\"widget\" data-widget_type=\"image.default\">\n\t\t\t\t<div class=\"elementor-widget-container\">\n\t\t\t\t\t\t\t\t\t\t\t\t\t\t\t<img fetchpriority=\"high\" decoding=\"async\" width=\"800\" height=\"534\" src=\"https:\/\/laboat.it\/wp-content\/uploads\/2025\/05\/DSC02827-min-1024x683.jpg\" class=\"attachment-large size-large wp-image-897\" alt=\"\" srcset=\"https:\/\/laboat.it\/wp-content\/uploads\/2025\/05\/DSC02827-min-1024x683.jpg 1024w, https:\/\/laboat.it\/wp-content\/uploads\/2025\/05\/DSC02827-min-300x200.jpg 300w, https:\/\/laboat.it\/wp-content\/uploads\/2025\/05\/DSC02827-min-768x512.jpg 768w, https:\/\/laboat.it\/wp-content\/uploads\/2025\/05\/DSC02827-min-1536x1024.jpg 1536w, https:\/\/laboat.it\/wp-content\/uploads\/2025\/05\/DSC02827-min-2048x1365.jpg 2048w, https:\/\/laboat.it\/wp-content\/uploads\/2025\/05\/DSC02827-min-18x12.jpg 18w\" sizes=\"(max-width: 800px) 100vw, 800px\" \/>\t\t\t\t\t\t\t\t\t\t\t\t\t\t\t<\/div>\n\t\t\t\t<\/div>\n\t\t\t\t<\/div>\n\t\t\t\t<\/div>\n\t\t\t\t<\/div>","protected":false},"excerpt":{"rendered":"<p>Chi Siamo LaBo Exclusive Boat Tour \u00e8 una realt\u00e0 del settore nautico, fondata nel 2023 con l&#8217;obiettivo di offrire esperienze turistiche di alta qualit\u00e0 in mare. Costantemente alla ricerca di nuove collaborazioni sul territorio, LaBo Exclusive Boat Tour mira a creare un\u2019offerta esclusiva e personalizzata per i propri clienti, arricchendo ogni viaggio con servizi unici [&hellip;]<\/p>\n","protected":false},"author":1,"featured_media":0,"parent":0,"menu_order":0,"comment_status":"closed","ping_status":"closed","template":"elementor_header_footer","meta":{"_joinchat":[],"footnotes":""},"class_list":["post-384","page","type-page","status-publish","hentry"],"_links":{"self":[{"href":"https:\/\/laboat.it\/en\/wp-json\/wp\/v2\/pages\/384","targetHints":{"allow":["GET"]}}],"collection":[{"href":"https:\/\/laboat.it\/en\/wp-json\/wp\/v2\/pages"}],"about":[{"href":"https:\/\/laboat.it\/en\/wp-json\/wp\/v2\/types\/page"}],"author":[{"embeddable":true,"href":"https:\/\/laboat.it\/en\/wp-json\/wp\/v2\/users\/1"}],"replies":[{"embeddable":true,"href":"https:\/\/laboat.it\/en\/wp-json\/wp\/v2\/comments?post=384"}],"version-history":[{"count":15,"href":"https:\/\/laboat.it\/en\/wp-json\/wp\/v2\/pages\/384\/revisions"}],"predecessor-version":[{"id":1028,"href":"https:\/\/laboat.it\/en\/wp-json\/wp\/v2\/pages\/384\/revisions\/1028"}],"wp:attachment":[{"href":"https:\/\/laboat.it\/en\/wp-json\/wp\/v2\/media?parent=384"}],"curies":[{"name":"wp","href":"https:\/\/api.w.org\/{rel}","templated":true}]}}