{"id":402,"date":"2025-02-23T17:55:45","date_gmt":"2025-02-23T17:55:45","guid":{"rendered":"https:\/\/laboat.iroger.it\/?page_id=402"},"modified":"2025-06-15T21:19:12","modified_gmt":"2025-06-15T21:19:12","slug":"ecosostenibilita","status":"publish","type":"page","link":"https:\/\/laboat.it\/es\/ecosostenibilita\/","title":{"rendered":"Ecosostenibilidad"},"content":{"rendered":"<div data-elementor-type=\"wp-page\" data-elementor-id=\"402\" class=\"elementor elementor-402\" data-elementor-post-type=\"page\">\n\t\t\t\t<div class=\"elementor-element elementor-element-5582045 e-flex e-con-boxed e-con e-parent\" data-id=\"5582045\" data-element_type=\"container\" data-e-type=\"container\" data-settings=\"{&quot;background_background&quot;:&quot;classic&quot;}\">\n\t\t\t\t\t<div class=\"e-con-inner\">\n\t\t\t\t<div class=\"elementor-element elementor-element-5bd49ce elementor-widget elementor-widget-heading\" data-id=\"5bd49ce\" data-element_type=\"widget\" data-e-type=\"widget\" data-widget_type=\"heading.default\">\n\t\t\t\t<div class=\"elementor-widget-container\">\n\t\t\t\t\t<h2 class=\"elementor-heading-title elementor-size-default\">Ecosostenibilidad<\/h2>\t\t\t\t<\/div>\n\t\t\t\t<\/div>\n\t\t\t\t\t<\/div>\n\t\t\t\t<\/div>\n\t\t<div class=\"elementor-element elementor-element-25a9a69 e-con-full e-flex e-con e-parent\" data-id=\"25a9a69\" data-element_type=\"container\" data-e-type=\"container\" id=\"services\" data-settings=\"{&quot;background_background&quot;:&quot;classic&quot;}\">\n\t\t<div class=\"elementor-element elementor-element-b8cbd92 e-con-full e-flex e-con e-child\" data-id=\"b8cbd92\" data-element_type=\"container\" data-e-type=\"container\">\n\t\t\t\t<div class=\"elementor-element elementor-element-4258b8e elementor-widget__width-inherit elementor-widget elementor-widget-heading\" data-id=\"4258b8e\" data-element_type=\"widget\" data-e-type=\"widget\" data-widget_type=\"heading.default\">\n\t\t\t\t<div class=\"elementor-widget-container\">\n\t\t\t\t\t<h2 class=\"elementor-heading-title elementor-size-default\">Un mar para amar y preservar<\/h2>\t\t\t\t<\/div>\n\t\t\t\t<\/div>\n\t\t\t\t<div class=\"elementor-element elementor-element-7e64093 elementor-widget__width-initial elementor-widget elementor-widget-text-editor\" data-id=\"7e64093\" data-element_type=\"widget\" data-e-type=\"widget\" data-widget_type=\"text-editor.default\">\n\t\t\t\t<div class=\"elementor-widget-container\">\n\t\t\t\t\t\t\t\t\t<p>El compromiso m\u00e1s profundo y significativo de LaBoat, adem\u00e1s de la meticulosa atenci\u00f3n al bienestar y la satisfacci\u00f3n de nuestros hu\u00e9spedes, es proteger y preservar el patrimonio natural que nos rodea. La protecci\u00f3n del medio ambiente es un valor fundamental para nosotros y se refleja en todos los aspectos de nuestra actividad. Nos comprometemos a proteger las aguas cristalinas, las playas v\u00edrgenes y los impresionantes paisajes de la Costa degli Dei, promoviendo un turismo responsable que respete y realce la belleza natural de esta regi\u00f3n. Cada una de nuestras excursiones est\u00e1 dise\u00f1ada para minimizar el impacto ambiental, utilizando embarcaciones ecol\u00f3gicas de bajo impacto y adoptando pr\u00e1cticas sostenibles que limitan las emisiones y preservan la vida marina.<\/p><p><br>Nuestra misi\u00f3n es ofrecer experiencias inolvidables sin comprometer el equilibrio natural. Por esta raz\u00f3n, trabajamos incansablemente para garantizar que cada viaje en barco no s\u00f3lo sea un momento de puro placer y descubrimiento, sino tambi\u00e9n un gesto de respeto por el entorno que nos acoge. Nuestras embarcaciones se seleccionan cuidadosamente, eligiendo modelos que garanticen un bajo impacto en el agua. Adem\u00e1s, nos comprometemos a educar a nuestros hu\u00e9spedes sobre la importancia de preservar el medio marino y adoptar un comportamiento responsable durante las excursiones.<\/p><p><br>Creemos firmemente que la belleza de la Costa degli Dei, con sus paisajes v\u00edrgenes y su mar cristalino, debe preservarse y protegerse para las generaciones futuras. Cada uno de nuestros gestos est\u00e1 dirigido a garantizar que este rinc\u00f3n del para\u00edso pueda seguir siendo vivido y amado, en armon\u00eda con la naturaleza que lo hace \u00fanico. Queremos que todos los que decidan embarcar puedan disfrutar de la pureza del mar sin da\u00f1arlo, para ofrecer una experiencia que no s\u00f3lo quede en el coraz\u00f3n, sino que tambi\u00e9n respete y contribuya a la preservaci\u00f3n de nuestro maravilloso entorno natural.<br>Navegar con nosotros tambi\u00e9n significa elegir el mar.<\/p>\t\t\t\t\t\t\t\t<\/div>\n\t\t\t\t<\/div>\n\t\t\t\t<div class=\"elementor-element elementor-element-2e4af10 elementor-widget elementor-widget-image\" data-id=\"2e4af10\" data-element_type=\"widget\" data-e-type=\"widget\" data-widget_type=\"image.default\">\n\t\t\t\t<div class=\"elementor-widget-container\">\n\t\t\t\t\t\t\t\t\t\t\t\t\t\t\t<img fetchpriority=\"high\" decoding=\"async\" width=\"800\" height=\"534\" src=\"https:\/\/laboat.it\/wp-content\/uploads\/2025\/05\/DSC02738-min-1024x683.jpg\" class=\"attachment-large size-large wp-image-919\" alt=\"\" srcset=\"https:\/\/laboat.it\/wp-content\/uploads\/2025\/05\/DSC02738-min-1024x683.jpg 1024w, https:\/\/laboat.it\/wp-content\/uploads\/2025\/05\/DSC02738-min-300x200.jpg 300w, https:\/\/laboat.it\/wp-content\/uploads\/2025\/05\/DSC02738-min-768x512.jpg 768w, https:\/\/laboat.it\/wp-content\/uploads\/2025\/05\/DSC02738-min-1536x1024.jpg 1536w, https:\/\/laboat.it\/wp-content\/uploads\/2025\/05\/DSC02738-min-2048x1365.jpg 2048w, https:\/\/laboat.it\/wp-content\/uploads\/2025\/05\/DSC02738-min-18x12.jpg 18w\" sizes=\"(max-width: 800px) 100vw, 800px\" \/>\t\t\t\t\t\t\t\t\t\t\t\t\t\t\t<\/div>\n\t\t\t\t<\/div>\n\t\t\t\t<\/div>\n\t\t\t\t<\/div>\n\t\t\t\t<\/div>","protected":false},"excerpt":{"rendered":"<p>Ecosostenibilit\u00e0 Un mare da amare e preservare L\u2019impegno pi\u00f9 profondo e significativo che LaBoat ha preso, oltre a garantire un&#8217;attenzione meticolosa al benessere e alla soddisfazione dei nostri ospiti, \u00e8 quello di proteggere e preservare il patrimonio naturale che ci circonda. La tutela dell\u2019ambiente \u00e8 un valore imprescindibile per noi e si riflette in ogni [&hellip;]<\/p>\n","protected":false},"author":1,"featured_media":0,"parent":0,"menu_order":0,"comment_status":"closed","ping_status":"closed","template":"elementor_header_footer","meta":{"_joinchat":[],"footnotes":""},"class_list":["post-402","page","type-page","status-publish","hentry"],"_links":{"self":[{"href":"https:\/\/laboat.it\/es\/wp-json\/wp\/v2\/pages\/402","targetHints":{"allow":["GET"]}}],"collection":[{"href":"https:\/\/laboat.it\/es\/wp-json\/wp\/v2\/pages"}],"about":[{"href":"https:\/\/laboat.it\/es\/wp-json\/wp\/v2\/types\/page"}],"author":[{"embeddable":true,"href":"https:\/\/laboat.it\/es\/wp-json\/wp\/v2\/users\/1"}],"replies":[{"embeddable":true,"href":"https:\/\/laboat.it\/es\/wp-json\/wp\/v2\/comments?post=402"}],"version-history":[{"count":10,"href":"https:\/\/laboat.it\/es\/wp-json\/wp\/v2\/pages\/402\/revisions"}],"predecessor-version":[{"id":1031,"href":"https:\/\/laboat.it\/es\/wp-json\/wp\/v2\/pages\/402\/revisions\/1031"}],"wp:attachment":[{"href":"https:\/\/laboat.it\/es\/wp-json\/wp\/v2\/media?parent=402"}],"curies":[{"name":"wp","href":"https:\/\/api.w.org\/{rel}","templated":true}]}}