{"id":540,"date":"2025-03-07T01:17:09","date_gmt":"2025-03-07T01:17:09","guid":{"rendered":"https:\/\/laboat.it\/?page_id=540"},"modified":"2025-07-28T00:53:48","modified_gmt":"2025-07-28T00:53:48","slug":"il-mare","status":"publish","type":"page","link":"https:\/\/laboat.it\/es\/il-mare\/","title":{"rendered":"El mar"},"content":{"rendered":"<div data-elementor-type=\"wp-page\" data-elementor-id=\"540\" class=\"elementor elementor-540\" data-elementor-post-type=\"page\">\n\t\t\t\t<div class=\"elementor-element elementor-element-4370df1 e-flex e-con-boxed e-con e-parent\" data-id=\"4370df1\" data-element_type=\"container\" data-e-type=\"container\" data-settings=\"{&quot;background_background&quot;:&quot;classic&quot;}\">\n\t\t\t\t\t<div class=\"e-con-inner\">\n\t\t\t\t<div class=\"elementor-element elementor-element-b75d51d elementor-widget elementor-widget-heading\" data-id=\"b75d51d\" data-element_type=\"widget\" data-e-type=\"widget\" data-widget_type=\"heading.default\">\n\t\t\t\t<div class=\"elementor-widget-container\">\n\t\t\t\t\t<h2 class=\"elementor-heading-title elementor-size-default\">El mar<\/h2>\t\t\t\t<\/div>\n\t\t\t\t<\/div>\n\t\t\t\t\t<\/div>\n\t\t\t\t<\/div>\n\t\t<div class=\"elementor-element elementor-element-adecc0c e-flex e-con-boxed e-con e-parent\" data-id=\"adecc0c\" data-element_type=\"container\" data-e-type=\"container\" id=\"itinerari\" data-settings=\"{&quot;background_background&quot;:&quot;classic&quot;}\">\n\t\t\t\t\t<div class=\"e-con-inner\">\n\t\t\t\t<div class=\"elementor-element elementor-element-a0cb982 elementor-widget__width-inherit elementor-widget elementor-widget-heading\" data-id=\"a0cb982\" data-element_type=\"widget\" data-e-type=\"widget\" data-widget_type=\"heading.default\">\n\t\t\t\t<div class=\"elementor-widget-container\">\n\t\t\t\t\t<h2 class=\"elementor-heading-title elementor-size-default\">Tropea<\/h2>\t\t\t\t<\/div>\n\t\t\t\t<\/div>\n\t\t\t\t<div class=\"elementor-element elementor-element-d4f7e7e elementor-widget__width-initial elementor-widget elementor-widget-text-editor\" data-id=\"d4f7e7e\" data-element_type=\"widget\" data-e-type=\"widget\" data-widget_type=\"text-editor.default\">\n\t\t\t\t<div class=\"elementor-widget-container\">\n\t\t\t\t\t\t\t\t\t<p>Tropea, enclavada en el coraz\u00f3n de Calabria, es una de las perlas m\u00e1s fascinantes de la Costa degli Dei. Situada en la costa del Tirreno, esta hermosa ciudad es famosa por sus aguas cristalinas, sus impresionantes acantilados y su centro hist\u00f3rico rico en historia y tradiciones.<\/p><p>La Costa degli Dei (Costa de los Dioses), llamada as\u00ed por su extraordinaria belleza y su encanto intemporal, es un tramo de costa que se extiende desde Capo Vaticano hasta Briatico y ofrece unas vistas espectaculares que parecen sacadas directamente de un sue\u00f1o.<\/p><p>Este rinc\u00f3n del para\u00edso toma su nombre de las leyendas griegas y romanas, que asociaban estas tierras con los dioses del Olimpo. El mar aqu\u00ed es tan evocador y pr\u00edstino que parece haber sido bendecido por los dioses.<\/p><p><br \/>Las playas de Tropea figuran entre las m\u00e1s famosas de Italia y de otros pa\u00edses. La playa principal, de arena dorada y aguas cristalinas, est\u00e1 enmarcada por imponentes acantilados sobre el mar y espectaculares vistas del Santuario de Santa Maria dell'Isola, que se alza sobre un promontorio rocoso.<\/p><p>Este paisaje, verdadero espect\u00e1culo de la naturaleza, ofrece momentos de relax y tranquilidad, pero tambi\u00e9n la oportunidad de disfrutar de deportes acu\u00e1ticos como el kayak, el windsurf y el buceo.<br \/>Tropea presume de un mar que hechiza con sus aguas cristalinas y poco profundas que se inclinan suavemente hacia la orilla.<\/p><p>Esto hace que el mar sea especialmente apto para el ba\u00f1o y los deportes n\u00e1uticos, al tiempo que ofrece un espect\u00e1culo de colores caribe\u00f1os que van desde los turquesas m\u00e1s intensos hasta los azules m\u00e1s delicados. La arena de sus playas es fina y blanca, creando un contraste perfecto con el mar cristalino, que parece un rinc\u00f3n del para\u00edso, listo para ser explorado y experimentado.<\/p>\t\t\t\t\t\t\t\t<\/div>\n\t\t\t\t<\/div>\n\t\t\t\t\t<\/div>\n\t\t\t\t<\/div>\n\t\t<div class=\"elementor-element elementor-element-4a02042 e-flex e-con-boxed e-con e-parent\" data-id=\"4a02042\" data-element_type=\"container\" data-e-type=\"container\" id=\"tour\" data-settings=\"{&quot;background_background&quot;:&quot;classic&quot;}\">\n\t\t\t\t\t<div class=\"e-con-inner\">\n\t\t\t\t<div class=\"elementor-element elementor-element-dafb9e9 elementor-widget__width-inherit elementor-widget elementor-widget-heading\" data-id=\"dafb9e9\" data-element_type=\"widget\" data-e-type=\"widget\" data-widget_type=\"heading.default\">\n\t\t\t\t<div class=\"elementor-widget-container\">\n\t\t\t\t\t<h2 class=\"elementor-heading-title elementor-size-default\">Playas<\/h2>\t\t\t\t<\/div>\n\t\t\t\t<\/div>\n\t\t<div class=\"elementor-element elementor-element-92c1ec7 e-con-full e-flex e-con e-child\" data-id=\"92c1ec7\" data-element_type=\"container\" data-e-type=\"container\" data-settings=\"{&quot;background_background&quot;:&quot;classic&quot;}\">\n\t\t\t\t<div class=\"elementor-element elementor-element-d4716f1 elementor-widget__width-inherit elementor-widget elementor-widget-heading\" data-id=\"d4716f1\" data-element_type=\"widget\" data-e-type=\"widget\" data-widget_type=\"heading.default\">\n\t\t\t\t<div class=\"elementor-widget-container\">\n\t\t\t\t\t<h2 class=\"elementor-heading-title elementor-size-default\">Playa Rotonda<\/h2>\t\t\t\t<\/div>\n\t\t\t\t<\/div>\n\t\t<div class=\"elementor-element elementor-element-3553bb1 e-con-full e-flex e-con e-child\" data-id=\"3553bb1\" data-element_type=\"container\" data-e-type=\"container\">\n\t\t\t\t<div class=\"elementor-element elementor-element-4566f9f elementor-widget elementor-widget-text-editor\" data-id=\"4566f9f\" data-element_type=\"widget\" data-e-type=\"widget\" data-widget_type=\"text-editor.default\">\n\t\t\t\t<div class=\"elementor-widget-container\">\n\t\t\t\t\t\t\t\t\t<p>Spiaggia della Rotonda es una de las playas m\u00e1s emblem\u00e1ticas de Tropea. Situada justo debajo del promontorio donde se encuentra el centro hist\u00f3rico de la ciudad, esta playa es f\u00e1cilmente reconocible por su posici\u00f3n panor\u00e1mica y la claridad de sus aguas. Limitada por la roca Scoglio di San Leonardo, la Spiaggia della Rotonda es famosa por su arena fina y dorada que se funde con el mar turquesa. Su posici\u00f3n estrat\u00e9gica, con el centro hist\u00f3rico de Tropea elev\u00e1ndose sobre ella, hace que esta playa sea ideal para quienes deseen disfrutar de un paisaje \u00fanico y relajarse a un tiro de piedra del coraz\u00f3n de la ciudad.<\/p>\t\t\t\t\t\t\t\t<\/div>\n\t\t\t\t<\/div>\n\t\t\t\t<\/div>\n\t\t\t\t<\/div>\n\t\t<div class=\"elementor-element elementor-element-40fb0e3 e-con-full e-flex e-con e-child\" data-id=\"40fb0e3\" data-element_type=\"container\" data-e-type=\"container\" data-settings=\"{&quot;background_background&quot;:&quot;classic&quot;}\">\n\t\t\t\t<div class=\"elementor-element elementor-element-7303001 elementor-widget__width-inherit elementor-widget elementor-widget-heading\" data-id=\"7303001\" data-element_type=\"widget\" data-e-type=\"widget\" data-widget_type=\"heading.default\">\n\t\t\t\t<div class=\"elementor-widget-container\">\n\t\t\t\t\t<h2 class=\"elementor-heading-title elementor-size-default\">Playa del Convento<\/h2>\t\t\t\t<\/div>\n\t\t\t\t<\/div>\n\t\t<div class=\"elementor-element elementor-element-941c8d4 e-con-full e-flex e-con e-child\" data-id=\"941c8d4\" data-element_type=\"container\" data-e-type=\"container\">\n\t\t\t\t<div class=\"elementor-element elementor-element-7338a72 elementor-widget elementor-widget-text-editor\" data-id=\"7338a72\" data-element_type=\"widget\" data-e-type=\"widget\" data-widget_type=\"text-editor.default\">\n\t\t\t\t<div class=\"elementor-widget-container\">\n\t\t\t\t\t\t\t\t\t<p>Spiaggia del Convento (Playa del Convento) debe su nombre al cercano Convento, que se encuentra en este litoral. Este rinc\u00f3n paradis\u00edaco es un lugar perfecto para los amantes del submarinismo, gracias a la transparencia de sus aguas y a la rica fauna marina que puebla sus fondos. La arena fina y dorada, combinada con la tranquilidad del lugar, hacen de esta playa un refugio ideal para quienes buscan un poco de paz lejos de las playas m\u00e1s concurridas. La vista panor\u00e1mica que se puede disfrutar desde el Convento, que se eleva sobre la playa, a\u00f1ade a\u00fan m\u00e1s encanto a este rinc\u00f3n escondido de Tropea.<\/p>\t\t\t\t\t\t\t\t<\/div>\n\t\t\t\t<\/div>\n\t\t\t\t<\/div>\n\t\t\t\t<\/div>\n\t\t<div class=\"elementor-element elementor-element-802bc97 e-con-full e-flex e-con e-child\" data-id=\"802bc97\" data-element_type=\"container\" data-e-type=\"container\" data-settings=\"{&quot;background_background&quot;:&quot;classic&quot;}\">\n\t\t\t\t<div class=\"elementor-element elementor-element-a238c16 elementor-widget__width-inherit elementor-widget elementor-widget-heading\" data-id=\"a238c16\" data-element_type=\"widget\" data-e-type=\"widget\" data-widget_type=\"heading.default\">\n\t\t\t\t<div class=\"elementor-widget-container\">\n\t\t\t\t\t<h2 class=\"elementor-heading-title elementor-size-default\">Spiaggia 'a Linguata<\/h2>\t\t\t\t<\/div>\n\t\t\t\t<\/div>\n\t\t<div class=\"elementor-element elementor-element-db8ef95 e-con-full e-flex e-con e-child\" data-id=\"db8ef95\" data-element_type=\"container\" data-e-type=\"container\">\n\t\t\t\t<div class=\"elementor-element elementor-element-3dffd36 elementor-widget elementor-widget-text-editor\" data-id=\"3dffd36\" data-element_type=\"widget\" data-e-type=\"widget\" data-widget_type=\"text-editor.default\">\n\t\t\t\t<div class=\"elementor-widget-container\">\n\t\t\t\t\t\t\t\t\t<p>Spiaggia 'a Linguata es una de las playas m\u00e1s grandes y atractivas de Tropea. Se encuentra al sur del centro de la ciudad y es f\u00e1cilmente reconocible por su longitud y su arena fina y clara. Por un lado, la playa limita con la Isola di Tropea, que se alza como una peque\u00f1a joya de roca y vegetaci\u00f3n, mientras que por el otro se encuentra la zona de los Scogli I Missaggi, un \u00e1rea ideal para el buceo y el submarinismo. El fondo marino es aqu\u00ed rico en vida y ofrece una experiencia \u00fanica para los amantes del mar y la naturaleza.<\/p>\t\t\t\t\t\t\t\t<\/div>\n\t\t\t\t<\/div>\n\t\t\t\t<\/div>\n\t\t\t\t<\/div>\n\t\t\t\t<div class=\"elementor-element elementor-element-d3f2d23 elementor-widget__width-initial elementor-widget elementor-widget-text-editor\" data-id=\"d3f2d23\" data-element_type=\"widget\" data-e-type=\"widget\" data-widget_type=\"text-editor.default\">\n\t\t\t\t<div class=\"elementor-widget-container\">\n\t\t\t\t\t\t\t\t\t<p>Adem\u00e1s de las playas principales, Tropea ofrece numerosos rincones escondidos donde el mar es igualmente fascinante e intacto. Las calas m\u00e1s peque\u00f1as, a menudo accesibles por mar o a trav\u00e9s de senderos panor\u00e1micos, son perfectas para quienes buscan intimidad y tranquilidad. La costa rocosa de Tropea, con sus escarpados acantilados, ofrece paisajes espectaculares y momentos de pura serenidad.<\/p>\t\t\t\t\t\t\t\t<\/div>\n\t\t\t\t<\/div>\n\t\t\t\t<div class=\"elementor-element elementor-element-58d36d9 elementor-widget__width-initial elementor-widget elementor-widget-text-editor\" data-id=\"58d36d9\" data-element_type=\"widget\" data-e-type=\"widget\" data-widget_type=\"text-editor.default\">\n\t\t\t\t<div class=\"elementor-widget-container\">\n\t\t\t\t\t\t\t\t\t<p><span style=\"font-weight: 400;\">A pocos kil\u00f3metros de Tropea, hay otras playas fascinantes. Al norte de Tropea, entre Tropea y Capo Vaticano, se encuentran playas encantadoras como la de <\/span><b>Playa de Riaci<\/b><span style=\"font-weight: 400;\">famosa por sus aguas cristalinas y sus cuevas marinas, y la de <\/span><b>Cuevas<\/b><span style=\"font-weight: 400;\">con su arena fina y su mar de mil tonalidades de azul. Estas playas son perfectas para los que buscan un rinc\u00f3n tranquilo del para\u00edso, lejos de las multitudes, pero tambi\u00e9n para los que desean explorar fondos marinos \u00fanicos, ricos en vida.<\/span><\/p><p><span style=\"font-weight: 400;\">Siguiendo hacia el sur, en direcci\u00f3n a Briatico, se encuentran playas como <\/span><b>Playa Michelino<\/b><span style=\"font-weight: 400;\">con su espectacular vista de la isla de Stromboli, y el <\/span><b>Playa Diver's Paradise<\/b><span style=\"font-weight: 400;\">con sus aguas tranquilas y cristalinas, ideales para nadar y relajarse al sol. A lo largo de este tramo de costa, tambi\u00e9n hay numerosos rincones escondidos, donde el mar sigue siendo virgen y los escarpados acantilados ofrecen vistas de postal.<\/span><\/p><p><span style=\"font-weight: 400;\">El mar de Tropea, as\u00ed como el que rodea Capo Vaticano y Briatico, es una paleta infinita de tonos azules y turquesas que se reflejan en un fondo marino cristalino, creando una experiencia \u00fanica para todo aquel que desee sumergirse en estas aguas paradis\u00edacas. Cada playa es un lugar donde la belleza de la naturaleza se funde con la serenidad, ofreciendo una oportunidad perfecta para descubrir la Costa degli Dei de una forma exclusiva e inolvidable.<\/span><\/p>\t\t\t\t\t\t\t\t<\/div>\n\t\t\t\t<\/div>\n\t\t\t\t\t<\/div>\n\t\t\t\t<\/div>\n\t\t\t\t<\/div>","protected":false},"excerpt":{"rendered":"<p>Il Mare Tropea Tropea, incastonata nel cuore della Calabria, \u00e8 una delle perle pi\u00f9 affascinanti della Costa degli Dei. Situata sulla costa tirrenica, questa splendida cittadina \u00e8 famosa per le sue acque cristalline, le scogliere mozzafiato e il suo centro storico ricco di storia e tradizioni. La Costa degli Dei, cos\u00ec chiamata per la sua [&hellip;]<\/p>\n","protected":false},"author":1,"featured_media":0,"parent":0,"menu_order":0,"comment_status":"closed","ping_status":"closed","template":"elementor_header_footer","meta":{"_joinchat":[],"footnotes":""},"class_list":["post-540","page","type-page","status-publish","hentry"],"_links":{"self":[{"href":"https:\/\/laboat.it\/es\/wp-json\/wp\/v2\/pages\/540","targetHints":{"allow":["GET"]}}],"collection":[{"href":"https:\/\/laboat.it\/es\/wp-json\/wp\/v2\/pages"}],"about":[{"href":"https:\/\/laboat.it\/es\/wp-json\/wp\/v2\/types\/page"}],"author":[{"embeddable":true,"href":"https:\/\/laboat.it\/es\/wp-json\/wp\/v2\/users\/1"}],"replies":[{"embeddable":true,"href":"https:\/\/laboat.it\/es\/wp-json\/wp\/v2\/comments?post=540"}],"version-history":[{"count":34,"href":"https:\/\/laboat.it\/es\/wp-json\/wp\/v2\/pages\/540\/revisions"}],"predecessor-version":[{"id":1073,"href":"https:\/\/laboat.it\/es\/wp-json\/wp\/v2\/pages\/540\/revisions\/1073"}],"wp:attachment":[{"href":"https:\/\/laboat.it\/es\/wp-json\/wp\/v2\/media?parent=540"}],"curies":[{"name":"wp","href":"https:\/\/api.w.org\/{rel}","templated":true}]}}